{"id":1122,"date":"2022-02-16T15:39:05","date_gmt":"2022-02-16T15:39:05","guid":{"rendered":"https:\/\/saskia.maretspro.fr\/panier"},"modified":"2024-06-24T14:06:53","modified_gmt":"2024-06-24T12:06:53","slug":"panier","status":"publish","type":"page","link":"https:\/\/saskiagallery.fr\/index.php\/panier\/","title":{"rendered":"Panier"},"content":{"rendered":"\t\t<div data-elementor-type=\"wp-page\" data-elementor-id=\"1122\" class=\"elementor elementor-1122\" data-elementor-post-type=\"page\">\n\t\t\t\t\t\t<section data-particle_enable=\"false\" data-particle-mobile-disabled=\"false\" class=\"elementor-section elementor-top-section elementor-element elementor-element-8bc8476 elementor-section-boxed elementor-section-height-default elementor-section-height-default\" data-id=\"8bc8476\" data-element_type=\"section\" data-e-type=\"section\">\n\t\t\t\t\t\t<div class=\"elementor-container elementor-column-gap-default\">\n\t\t\t\t\t<div class=\"elementor-column elementor-col-25 elementor-top-column elementor-element elementor-element-dcb0969\" data-id=\"dcb0969\" data-element_type=\"column\" data-e-type=\"column\">\n\t\t\t<div class=\"elementor-widget-wrap elementor-element-populated\">\n\t\t\t\t\t\t<div class=\"elementor-element elementor-element-d934a32 elementor-invisible elementor-widget elementor-widget-heading\" data-id=\"d934a32\" data-element_type=\"widget\" data-e-type=\"widget\" data-settings=\"{&quot;_animation&quot;:&quot;fadeInLeft&quot;}\" data-widget_type=\"heading.default\">\n\t\t\t\t<div class=\"elementor-widget-container\">\n\t\t\t\t\t<h2 class=\"elementor-heading-title elementor-size-default\">Mon panier \/ My cart<\/h2>\t\t\t\t<\/div>\n\t\t\t\t<\/div>\n\t\t\t\t<div class=\"elementor-element elementor-element-b7d77a5 elementor-widget-divider--view-line elementor-widget elementor-widget-divider\" data-id=\"b7d77a5\" data-element_type=\"widget\" data-e-type=\"widget\" data-settings=\"{&quot;_animation&quot;:&quot;none&quot;}\" data-widget_type=\"divider.default\">\n\t\t\t\t<div class=\"elementor-widget-container\">\n\t\t\t\t\t\t\t<div class=\"elementor-divider\">\n\t\t\t<span class=\"elementor-divider-separator\">\n\t\t\t\t\t\t<\/span>\n\t\t<\/div>\n\t\t\t\t\t\t<\/div>\n\t\t\t\t<\/div>\n\t\t\t\t\t<\/div>\n\t\t<\/div>\n\t\t\t\t<div class=\"elementor-column elementor-col-25 elementor-top-column elementor-element elementor-element-222e4fa\" data-id=\"222e4fa\" data-element_type=\"column\" data-e-type=\"column\">\n\t\t\t<div class=\"elementor-widget-wrap\">\n\t\t\t\t\t\t\t<\/div>\n\t\t<\/div>\n\t\t\t\t<div class=\"elementor-column elementor-col-25 elementor-top-column elementor-element elementor-element-93a7580\" data-id=\"93a7580\" data-element_type=\"column\" data-e-type=\"column\">\n\t\t\t<div class=\"elementor-widget-wrap elementor-element-populated\">\n\t\t\t\t\t\t<div class=\"elementor-element elementor-element-fad0aa9 elementor-view-default elementor-widget elementor-widget-icon\" data-id=\"fad0aa9\" data-element_type=\"widget\" data-e-type=\"widget\" data-widget_type=\"icon.default\">\n\t\t\t\t<div class=\"elementor-widget-container\">\n\t\t\t\t\t\t\t<div class=\"elementor-icon-wrapper\">\n\t\t\t<a class=\"elementor-icon\" href=\"https:\/\/saskiagallery.fr\/index.php\/mon-compte\/\">\n\t\t\t<i aria-hidden=\"true\" class=\"fas fa-user\"><\/i>\t\t\t<\/a>\n\t\t<\/div>\n\t\t\t\t\t\t<\/div>\n\t\t\t\t<\/div>\n\t\t\t\t\t<\/div>\n\t\t<\/div>\n\t\t\t\t<div class=\"elementor-column elementor-col-25 elementor-top-column elementor-element elementor-element-49a6564\" data-id=\"49a6564\" data-element_type=\"column\" data-e-type=\"column\">\n\t\t\t<div class=\"elementor-widget-wrap elementor-element-populated\">\n\t\t\t\t\t\t<div class=\"elementor-element elementor-element-6da485b elementor-view-default elementor-widget elementor-widget-icon\" data-id=\"6da485b\" data-element_type=\"widget\" data-e-type=\"widget\" data-widget_type=\"icon.default\">\n\t\t\t\t<div class=\"elementor-widget-container\">\n\t\t\t\t\t\t\t<div class=\"elementor-icon-wrapper\">\n\t\t\t<a class=\"elementor-icon\" href=\"https:\/\/saskiagallery.fr\/index.php\/panier\/\">\n\t\t\t<i aria-hidden=\"true\" class=\"fas fa-shopping-cart\"><\/i>\t\t\t<\/a>\n\t\t<\/div>\n\t\t\t\t\t\t<\/div>\n\t\t\t\t<\/div>\n\t\t\t\t\t<\/div>\n\t\t<\/div>\n\t\t\t\t\t<\/div>\n\t\t<\/section>\n\t\t\t\t<section data-particle_enable=\"false\" data-particle-mobile-disabled=\"false\" class=\"elementor-section elementor-top-section elementor-element elementor-element-d9014a9 elementor-section-boxed elementor-section-height-default elementor-section-height-default\" data-id=\"d9014a9\" data-element_type=\"section\" data-e-type=\"section\">\n\t\t\t\t\t\t<div class=\"elementor-container elementor-column-gap-default\">\n\t\t\t\t\t<div class=\"elementor-column elementor-col-100 elementor-top-column elementor-element elementor-element-5ee4840d\" data-id=\"5ee4840d\" data-element_type=\"column\" data-e-type=\"column\">\n\t\t\t<div class=\"elementor-widget-wrap elementor-element-populated\">\n\t\t\t\t\t\t<div class=\"elementor-element elementor-element-f0a73f5 e-cart-layout-two-column elementor-widget elementor-widget-woocommerce-cart\" data-id=\"f0a73f5\" data-element_type=\"widget\" data-e-type=\"widget\" data-settings=\"{&quot;update_cart_automatically&quot;:&quot;yes&quot;}\" data-widget_type=\"woocommerce-cart.default\">\n\t\t\t\t<div class=\"elementor-widget-container\">\n\t\t\t\t\t<div class=\"woocommerce\"><div class=\"woocommerce-notices-wrapper\"><\/div><div class=\"wc-empty-cart-message\">\n\t<div class=\"cart-empty woocommerce-info\" role=\"status\">\n\t\tVotre panier est actuellement vide.\t<\/div>\n<\/div>\t<p class=\"return-to-shop\">\n\t\t<a class=\"button wc-backward\" href=\"https:\/\/saskiagallery.fr\/index.php\/shop\/\">\n\t\t\tRetour \u00e0 la boutique\t\t<\/a>\n\t<\/p>\n<\/div>\t\t\t\t<\/div>\n\t\t\t\t<\/div>\n\t\t\t\t\t<\/div>\n\t\t<\/div>\n\t\t\t\t\t<\/div>\n\t\t<\/section>\n\t\t\t\t<\/div>\n\t\t","protected":false},"excerpt":{"rendered":"<p>Mon panier \/ My cart Supprimer l\u2019\u00e9l\u00e9ment Miniature Produit Prix Quantit\u00e9 Sous-total &times; \u00ab\u00a0Dionysos\u00a0\u00bb Choisir une \u0153uvre \/ choose an artwork: Lana 340,00&nbsp;&euro; quantit\u00e9 de &quot;Dionysos&quot; 340,00&nbsp;&euro; Totaux | Totals Sous-total 340,00&nbsp;&euro; Total 340,00&nbsp;&euro; (dont 56,67&nbsp;&euro; TVA FRANCE) Passer \u00e0 la commande | Order<\/p>\n","protected":false},"author":2,"featured_media":0,"parent":0,"menu_order":0,"comment_status":"closed","ping_status":"closed","template":"elementor_header_footer","meta":{"_uf_show_specific_survey":0,"_uf_disable_surveys":false,"neve_meta_sidebar":"","neve_meta_container":"","neve_meta_enable_content_width":"","neve_meta_content_width":0,"neve_meta_title_alignment":"","neve_meta_author_avatar":"","neve_post_elements_order":"","neve_meta_disable_header":"","neve_meta_disable_footer":"","neve_meta_disable_title":"","footnotes":""},"class_list":["post-1122","page","type-page","status-publish","hentry"],"yoast_head":"<!-- This site is optimized with the Yoast SEO plugin v27.5 - https:\/\/yoast.com\/product\/yoast-seo-wordpress\/ -->\n<title>Panier - Saskia Gallery<\/title>\n<meta name=\"robots\" content=\"index, follow, max-snippet:-1, max-image-preview:large, max-video-preview:-1\" \/>\n<link rel=\"canonical\" href=\"https:\/\/saskiagallery.fr\/index.php\/panier\/\" \/>\n<meta property=\"og:locale\" content=\"fr_FR\" \/>\n<meta property=\"og:type\" content=\"article\" \/>\n<meta property=\"og:title\" content=\"Panier - Saskia Gallery\" \/>\n<meta property=\"og:description\" content=\"Mon panier \/ My cart Supprimer l\u2019\u00e9l\u00e9ment Miniature Produit Prix Quantit\u00e9 Sous-total &times; \u00ab\u00a0Dionysos\u00a0\u00bb Choisir une \u0153uvre \/ choose an artwork: Lana 340,00&nbsp;&euro; quantit\u00e9 de &quot;Dionysos&quot; 340,00&nbsp;&euro; Totaux | Totals Sous-total 340,00&nbsp;&euro; Total 340,00&nbsp;&euro; (dont 56,67&nbsp;&euro; TVA FRANCE) Passer \u00e0 la commande | Order\" \/>\n<meta property=\"og:url\" content=\"https:\/\/saskiagallery.fr\/index.php\/panier\/\" \/>\n<meta property=\"og:site_name\" content=\"Saskia Gallery\" \/>\n<meta property=\"article:modified_time\" content=\"2024-06-24T12:06:53+00:00\" \/>\n<meta property=\"og:image\" content=\"https:\/\/saskiagallery.fr\/wp-content\/uploads\/2022\/11\/green-300x300.jpg\" \/>\n<meta name=\"twitter:card\" content=\"summary_large_image\" \/>\n<meta name=\"twitter:label1\" content=\"Dur\u00e9e de lecture estim\u00e9e\" \/>\n\t<meta name=\"twitter:data1\" content=\"1 minute\" \/>\n<script type=\"application\/ld+json\" class=\"yoast-schema-graph\">{\"@context\":\"https:\\\/\\\/schema.org\",\"@graph\":[{\"@type\":\"WebPage\",\"@id\":\"https:\\\/\\\/saskiagallery.fr\\\/index.php\\\/panier\\\/\",\"url\":\"https:\\\/\\\/saskiagallery.fr\\\/index.php\\\/panier\\\/\",\"name\":\"Panier - Saskia Gallery\",\"isPartOf\":{\"@id\":\"https:\\\/\\\/saskiagallery.fr\\\/#website\"},\"primaryImageOfPage\":{\"@id\":\"https:\\\/\\\/saskiagallery.fr\\\/index.php\\\/panier\\\/#primaryimage\"},\"image\":{\"@id\":\"https:\\\/\\\/saskiagallery.fr\\\/index.php\\\/panier\\\/#primaryimage\"},\"thumbnailUrl\":\"https:\\\/\\\/saskiagallery.fr\\\/wp-content\\\/uploads\\\/2022\\\/11\\\/green-300x300.jpg\",\"datePublished\":\"2022-02-16T15:39:05+00:00\",\"dateModified\":\"2024-06-24T12:06:53+00:00\",\"breadcrumb\":{\"@id\":\"https:\\\/\\\/saskiagallery.fr\\\/index.php\\\/panier\\\/#breadcrumb\"},\"inLanguage\":\"fr-FR\",\"potentialAction\":[{\"@type\":\"ReadAction\",\"target\":[\"https:\\\/\\\/saskiagallery.fr\\\/index.php\\\/panier\\\/\"]}]},{\"@type\":\"ImageObject\",\"inLanguage\":\"fr-FR\",\"@id\":\"https:\\\/\\\/saskiagallery.fr\\\/index.php\\\/panier\\\/#primaryimage\",\"url\":\"https:\\\/\\\/saskiagallery.fr\\\/wp-content\\\/uploads\\\/2022\\\/11\\\/green.jpg\",\"contentUrl\":\"https:\\\/\\\/saskiagallery.fr\\\/wp-content\\\/uploads\\\/2022\\\/11\\\/green.jpg\",\"width\":1024,\"height\":1024},{\"@type\":\"BreadcrumbList\",\"@id\":\"https:\\\/\\\/saskiagallery.fr\\\/index.php\\\/panier\\\/#breadcrumb\",\"itemListElement\":[{\"@type\":\"ListItem\",\"position\":1,\"name\":\"Accueil\",\"item\":\"https:\\\/\\\/saskiagallery.fr\\\/\"},{\"@type\":\"ListItem\",\"position\":2,\"name\":\"Panier\"}]},{\"@type\":\"WebSite\",\"@id\":\"https:\\\/\\\/saskiagallery.fr\\\/#website\",\"url\":\"https:\\\/\\\/saskiagallery.fr\\\/\",\"name\":\"Saskia Gallery\",\"description\":\"Galerie d&#039;artistes contemporains - Vente en ligne\",\"publisher\":{\"@id\":\"https:\\\/\\\/saskiagallery.fr\\\/#organization\"},\"potentialAction\":[{\"@type\":\"SearchAction\",\"target\":{\"@type\":\"EntryPoint\",\"urlTemplate\":\"https:\\\/\\\/saskiagallery.fr\\\/?s={search_term_string}\"},\"query-input\":{\"@type\":\"PropertyValueSpecification\",\"valueRequired\":true,\"valueName\":\"search_term_string\"}}],\"inLanguage\":\"fr-FR\"},{\"@type\":\"Organization\",\"@id\":\"https:\\\/\\\/saskiagallery.fr\\\/#organization\",\"name\":\"Saskia Gallery PARIS\",\"url\":\"https:\\\/\\\/saskiagallery.fr\\\/\",\"logo\":{\"@type\":\"ImageObject\",\"inLanguage\":\"fr-FR\",\"@id\":\"https:\\\/\\\/saskiagallery.fr\\\/#\\\/schema\\\/logo\\\/image\\\/\",\"url\":\"https:\\\/\\\/i0.wp.com\\\/saskiagallery.fr\\\/wp-content\\\/uploads\\\/2022\\\/02\\\/logo_saskiagallerygd.jpg?fit=575%2C188&ssl=1\",\"contentUrl\":\"https:\\\/\\\/i0.wp.com\\\/saskiagallery.fr\\\/wp-content\\\/uploads\\\/2022\\\/02\\\/logo_saskiagallerygd.jpg?fit=575%2C188&ssl=1\",\"width\":575,\"height\":188,\"caption\":\"Saskia Gallery PARIS\"},\"image\":{\"@id\":\"https:\\\/\\\/saskiagallery.fr\\\/#\\\/schema\\\/logo\\\/image\\\/\"}}]}<\/script>\n<!-- \/ Yoast SEO plugin. -->","yoast_head_json":{"title":"Panier - Saskia Gallery","robots":{"index":"index","follow":"follow","max-snippet":"max-snippet:-1","max-image-preview":"max-image-preview:large","max-video-preview":"max-video-preview:-1"},"canonical":"https:\/\/saskiagallery.fr\/index.php\/panier\/","og_locale":"fr_FR","og_type":"article","og_title":"Panier - Saskia Gallery","og_description":"Mon panier \/ My cart Supprimer l\u2019\u00e9l\u00e9ment Miniature Produit Prix Quantit\u00e9 Sous-total &times; \u00ab\u00a0Dionysos\u00a0\u00bb Choisir une \u0153uvre \/ choose an artwork: Lana 340,00&nbsp;&euro; quantit\u00e9 de &quot;Dionysos&quot; 340,00&nbsp;&euro; Totaux | Totals Sous-total 340,00&nbsp;&euro; Total 340,00&nbsp;&euro; (dont 56,67&nbsp;&euro; TVA FRANCE) Passer \u00e0 la commande | Order","og_url":"https:\/\/saskiagallery.fr\/index.php\/panier\/","og_site_name":"Saskia Gallery","article_modified_time":"2024-06-24T12:06:53+00:00","og_image":[{"url":"https:\/\/saskiagallery.fr\/wp-content\/uploads\/2022\/11\/green-300x300.jpg","type":"","width":"","height":""}],"twitter_card":"summary_large_image","twitter_misc":{"Dur\u00e9e de lecture estim\u00e9e":"1 minute"},"schema":{"@context":"https:\/\/schema.org","@graph":[{"@type":"WebPage","@id":"https:\/\/saskiagallery.fr\/index.php\/panier\/","url":"https:\/\/saskiagallery.fr\/index.php\/panier\/","name":"Panier - Saskia Gallery","isPartOf":{"@id":"https:\/\/saskiagallery.fr\/#website"},"primaryImageOfPage":{"@id":"https:\/\/saskiagallery.fr\/index.php\/panier\/#primaryimage"},"image":{"@id":"https:\/\/saskiagallery.fr\/index.php\/panier\/#primaryimage"},"thumbnailUrl":"https:\/\/saskiagallery.fr\/wp-content\/uploads\/2022\/11\/green-300x300.jpg","datePublished":"2022-02-16T15:39:05+00:00","dateModified":"2024-06-24T12:06:53+00:00","breadcrumb":{"@id":"https:\/\/saskiagallery.fr\/index.php\/panier\/#breadcrumb"},"inLanguage":"fr-FR","potentialAction":[{"@type":"ReadAction","target":["https:\/\/saskiagallery.fr\/index.php\/panier\/"]}]},{"@type":"ImageObject","inLanguage":"fr-FR","@id":"https:\/\/saskiagallery.fr\/index.php\/panier\/#primaryimage","url":"https:\/\/saskiagallery.fr\/wp-content\/uploads\/2022\/11\/green.jpg","contentUrl":"https:\/\/saskiagallery.fr\/wp-content\/uploads\/2022\/11\/green.jpg","width":1024,"height":1024},{"@type":"BreadcrumbList","@id":"https:\/\/saskiagallery.fr\/index.php\/panier\/#breadcrumb","itemListElement":[{"@type":"ListItem","position":1,"name":"Accueil","item":"https:\/\/saskiagallery.fr\/"},{"@type":"ListItem","position":2,"name":"Panier"}]},{"@type":"WebSite","@id":"https:\/\/saskiagallery.fr\/#website","url":"https:\/\/saskiagallery.fr\/","name":"Saskia Gallery","description":"Galerie d&#039;artistes contemporains - Vente en ligne","publisher":{"@id":"https:\/\/saskiagallery.fr\/#organization"},"potentialAction":[{"@type":"SearchAction","target":{"@type":"EntryPoint","urlTemplate":"https:\/\/saskiagallery.fr\/?s={search_term_string}"},"query-input":{"@type":"PropertyValueSpecification","valueRequired":true,"valueName":"search_term_string"}}],"inLanguage":"fr-FR"},{"@type":"Organization","@id":"https:\/\/saskiagallery.fr\/#organization","name":"Saskia Gallery PARIS","url":"https:\/\/saskiagallery.fr\/","logo":{"@type":"ImageObject","inLanguage":"fr-FR","@id":"https:\/\/saskiagallery.fr\/#\/schema\/logo\/image\/","url":"https:\/\/i0.wp.com\/saskiagallery.fr\/wp-content\/uploads\/2022\/02\/logo_saskiagallerygd.jpg?fit=575%2C188&ssl=1","contentUrl":"https:\/\/i0.wp.com\/saskiagallery.fr\/wp-content\/uploads\/2022\/02\/logo_saskiagallerygd.jpg?fit=575%2C188&ssl=1","width":575,"height":188,"caption":"Saskia Gallery PARIS"},"image":{"@id":"https:\/\/saskiagallery.fr\/#\/schema\/logo\/image\/"}}]}},"jetpack_sharing_enabled":true,"_links":{"self":[{"href":"https:\/\/saskiagallery.fr\/index.php\/wp-json\/wp\/v2\/pages\/1122","targetHints":{"allow":["GET"]}}],"collection":[{"href":"https:\/\/saskiagallery.fr\/index.php\/wp-json\/wp\/v2\/pages"}],"about":[{"href":"https:\/\/saskiagallery.fr\/index.php\/wp-json\/wp\/v2\/types\/page"}],"author":[{"embeddable":true,"href":"https:\/\/saskiagallery.fr\/index.php\/wp-json\/wp\/v2\/users\/2"}],"replies":[{"embeddable":true,"href":"https:\/\/saskiagallery.fr\/index.php\/wp-json\/wp\/v2\/comments?post=1122"}],"version-history":[{"count":34,"href":"https:\/\/saskiagallery.fr\/index.php\/wp-json\/wp\/v2\/pages\/1122\/revisions"}],"predecessor-version":[{"id":7459,"href":"https:\/\/saskiagallery.fr\/index.php\/wp-json\/wp\/v2\/pages\/1122\/revisions\/7459"}],"wp:attachment":[{"href":"https:\/\/saskiagallery.fr\/index.php\/wp-json\/wp\/v2\/media?parent=1122"}],"curies":[{"name":"wp","href":"https:\/\/api.w.org\/{rel}","templated":true}]}}