{"id":222,"date":"2022-02-10T17:22:55","date_gmt":"2022-02-10T17:22:55","guid":{"rendered":"https:\/\/saskia.maretspro.fr\/customer-service"},"modified":"2023-02-03T10:07:29","modified_gmt":"2023-02-03T09:07:29","slug":"customer-service","status":"publish","type":"page","link":"https:\/\/saskiagallery.fr\/index.php\/customer-service\/","title":{"rendered":"Centre d&rsquo;aide"},"content":{"rendered":"\t\t<div data-elementor-type=\"wp-page\" data-elementor-id=\"222\" class=\"elementor elementor-222\" data-elementor-post-type=\"page\">\n\t\t\t\t\t\t<section data-particle_enable=\"false\" data-particle-mobile-disabled=\"false\" class=\"elementor-section elementor-top-section elementor-element elementor-element-2b212583 elementor-section-height-min-height elementor-section-items-bottom elementor-section-boxed elementor-section-height-default\" data-id=\"2b212583\" data-element_type=\"section\" data-e-type=\"section\">\n\t\t\t\t\t\t<div class=\"elementor-container elementor-column-gap-no\">\n\t\t\t\t\t<div class=\"elementor-column elementor-col-100 elementor-top-column elementor-element elementor-element-2f6867ae\" data-id=\"2f6867ae\" data-element_type=\"column\" data-e-type=\"column\">\n\t\t\t<div class=\"elementor-widget-wrap elementor-element-populated\">\n\t\t\t\t\t\t<div class=\"elementor-element elementor-element-867efd1 elementor-widget elementor-widget-heading\" data-id=\"867efd1\" data-element_type=\"widget\" data-e-type=\"widget\" data-widget_type=\"heading.default\">\n\t\t\t\t<div class=\"elementor-widget-container\">\n\t\t\t\t\t<h5 class=\"elementor-heading-title elementor-size-default\">Centre d'aide<\/h5>\t\t\t\t<\/div>\n\t\t\t\t<\/div>\n\t\t\t\t<div class=\"elementor-element elementor-element-6ad4bab8 elementor-widget elementor-widget-heading\" data-id=\"6ad4bab8\" data-element_type=\"widget\" data-e-type=\"widget\" data-widget_type=\"heading.default\">\n\t\t\t\t<div class=\"elementor-widget-container\">\n\t\t\t\t\t<h1 class=\"elementor-heading-title elementor-size-default\">Besoin d'aide ?<\/h1>\t\t\t\t<\/div>\n\t\t\t\t<\/div>\n\t\t\t\t<div class=\"elementor-element elementor-element-1b798d1d elementor-widget elementor-widget-toggle\" data-id=\"1b798d1d\" data-element_type=\"widget\" data-e-type=\"widget\" data-widget_type=\"toggle.default\">\n\t\t\t\t<div class=\"elementor-widget-container\">\n\t\t\t\t\t\t\t<div class=\"elementor-toggle\">\n\t\t\t\t\t\t\t<div class=\"elementor-toggle-item\">\n\t\t\t\t\t<div id=\"elementor-tab-title-4601\" class=\"elementor-tab-title\" data-tab=\"1\" role=\"button\" aria-controls=\"elementor-tab-content-4601\" aria-expanded=\"false\">\n\t\t\t\t\t\t\t\t\t\t\t\t<span class=\"elementor-toggle-icon elementor-toggle-icon-right\" aria-hidden=\"true\">\n\t\t\t\t\t\t\t\t\t\t\t\t\t\t\t<span class=\"elementor-toggle-icon-closed\"><i class=\"fas fa-chevron-down\"><\/i><\/span>\n\t\t\t\t\t\t\t\t<span class=\"elementor-toggle-icon-opened\"><i class=\"elementor-toggle-icon-opened fas fa-angle-double-up\"><\/i><\/span>\n\t\t\t\t\t\t\t\t\t\t\t\t\t<\/span>\n\t\t\t\t\t\t\t\t\t\t\t\t<a class=\"elementor-toggle-title\" tabindex=\"0\">Modes de paiement<\/a>\n\t\t\t\t\t<\/div>\n\n\t\t\t\t\t<div id=\"elementor-tab-content-4601\" class=\"elementor-tab-content elementor-clearfix\" data-tab=\"1\" role=\"region\" aria-labelledby=\"elementor-tab-title-4601\"><p>Vous pouvez r\u00e9gler par <strong>virement<\/strong><\/p>\n<p style=\"text-align: left;\">Lorsque vous commandez sur Saskia Gallery, toutes les informations de paiement apparaissent sur votre bon de commande.<\/p><\/div>\n\t\t\t\t<\/div>\n\t\t\t\t\t\t\t<div class=\"elementor-toggle-item\">\n\t\t\t\t\t<div id=\"elementor-tab-title-4602\" class=\"elementor-tab-title\" data-tab=\"2\" role=\"button\" aria-controls=\"elementor-tab-content-4602\" aria-expanded=\"false\">\n\t\t\t\t\t\t\t\t\t\t\t\t<span class=\"elementor-toggle-icon elementor-toggle-icon-right\" aria-hidden=\"true\">\n\t\t\t\t\t\t\t\t\t\t\t\t\t\t\t<span class=\"elementor-toggle-icon-closed\"><i class=\"fas fa-chevron-down\"><\/i><\/span>\n\t\t\t\t\t\t\t\t<span class=\"elementor-toggle-icon-opened\"><i class=\"elementor-toggle-icon-opened fas fa-angle-double-up\"><\/i><\/span>\n\t\t\t\t\t\t\t\t\t\t\t\t\t<\/span>\n\t\t\t\t\t\t\t\t\t\t\t\t<a class=\"elementor-toggle-title\" tabindex=\"0\">Transport et envois<\/a>\n\t\t\t\t\t<\/div>\n\n\t\t\t\t\t<div id=\"elementor-tab-content-4602\" class=\"elementor-tab-content elementor-clearfix\" data-tab=\"2\" role=\"region\" aria-labelledby=\"elementor-tab-title-4602\"><p><\/p>\n<p>Les frais sont indiqu\u00e9s au moment du r\u00e9capitulatif de la commande. Ces frais de livraison et d\u2019emballage d\u00e9pendent de la nature de l\u2019\u0153uvre, de ses dimensions, de son poids, ainsi que du lieu de livraison.<\/p>\n<p><\/p>\n<p>La livraison des oeuvres command\u00e9es est r\u00e9alis\u00e9e \u00e0 l\u2019adresse indiqu\u00e9e dans le formulaire r\u00e9capitulatif de la commande, selon les modalit\u00e9s pr\u00e9vues par le prestataire de livraison d\u00e9termin\u00e9 lors de la commande.<\/p>\n<p>Voir les CGV.<\/p>\n<p>Les obligations concernant la livraison de la commande, \u00e0 savoir le respect des d\u00e9lais annonc\u00e9s, la qualit\u00e9 de l\u2019emballage de l\u2019\u0153uvre, ainsi que la conformit\u00e9 de celle-ci p\u00e8sent uniquement sur le prestataire de livraison choisi, la responsabilit\u00e9 de <strong>SASKIA GALLERY<\/strong> ne pouvant aucunement \u00eatre engag\u00e9e en cas de manquement du prestataire de livraison.<\/p>\n<p><strong>R\u00e9serves lors de la r\u00e9ception<\/strong><br \/>L\u2019acheteur s\u2019oblige, d\u00e8s la r\u00e9ception de la commande \u00e0 v\u00e9rifier l\u2019\u00e9tat de l\u2019\u0153uvre, et \u00e9mettre toute r\u00e9serve par \u00e9crit et sans d\u00e9lai, au plus tard dans les 48 heures, aupr\u00e8s de <strong>SASKIA GALLERY<\/strong>.<\/p>\n<p><\/p><\/div>\n\t\t\t\t<\/div>\n\t\t\t\t\t\t\t<div class=\"elementor-toggle-item\">\n\t\t\t\t\t<div id=\"elementor-tab-title-4603\" class=\"elementor-tab-title\" data-tab=\"3\" role=\"button\" aria-controls=\"elementor-tab-content-4603\" aria-expanded=\"false\">\n\t\t\t\t\t\t\t\t\t\t\t\t<span class=\"elementor-toggle-icon elementor-toggle-icon-right\" aria-hidden=\"true\">\n\t\t\t\t\t\t\t\t\t\t\t\t\t\t\t<span class=\"elementor-toggle-icon-closed\"><i class=\"fas fa-chevron-down\"><\/i><\/span>\n\t\t\t\t\t\t\t\t<span class=\"elementor-toggle-icon-opened\"><i class=\"elementor-toggle-icon-opened fas fa-angle-double-up\"><\/i><\/span>\n\t\t\t\t\t\t\t\t\t\t\t\t\t<\/span>\n\t\t\t\t\t\t\t\t\t\t\t\t<a class=\"elementor-toggle-title\" tabindex=\"0\">Politique de retour<\/a>\n\t\t\t\t\t<\/div>\n\n\t\t\t\t\t<div id=\"elementor-tab-content-4603\" class=\"elementor-tab-content elementor-clearfix\" data-tab=\"3\" role=\"region\" aria-labelledby=\"elementor-tab-title-4603\"><h4><strong>L&rsquo;acheteur dispose de 14 jours pour retourner son achat (en vertu du d\u00e9lai de r\u00e9tractation l\u00e9gal)<\/strong><\/h4>\n<p>Saskia Gallery\u00a0 s&rsquo;engage pour vous satisfaire : vous pouvez retourner une oeuvre originale sous 14 jours. L&rsquo;\u0153uvre doit \u00eatre restitu\u00e9e en parfait \u00e9tat, dans son emballage d&rsquo;origine. Tous les articles sont retournables (sauf indication contraire).<\/p>\n<p><strong>Comment retourner des articles ?<\/strong><\/p>\n<ul style=\"list-style-type: disc;\">\n<li>Utilisez la rubrique : \u00ab MON COMPTE \u00bb &gt; \u00ab MES ACHATS \u00bb &gt; \u00ab RETOUR \u00bb<\/li>\n<li>Le transporteur r\u00e9cup\u00e8re le colis dans son emballage d&rsquo;origine<\/li>\n<li>Vous recevez un remboursement complet d\u00e8s que le vendeur re\u00e7oit le colis<\/li>\n<\/ul>\n<p><strong><br \/>Quand vais-je recevoir un remboursement ?<\/strong><\/p>\n<p>Vous serez rembours\u00e9 sur le m\u00eame mode de paiement que celui que vous avez utilis\u00e9, d\u00e8s que l&rsquo;\u0153uvre nous sera retourn\u00e9e en parfait \u00e9tat, dans son emballage d&rsquo;origine.<\/p>\n<p><strong>Articles non \u00e9ligibles \u00e0 la politique de retour :<\/strong><\/p>\n<ul style=\"list-style-type: disc;\">\n<li>Commandes personnalis\u00e9es ou travaux sur mesure r\u00e9alis\u00e9s sp\u00e9cialement pour vous<\/li>\n<li>Commandes sp\u00e9ciales lorsqu&rsquo;une politique de retour sp\u00e9cifique est mentionn\u00e9e<\/li>\n<\/ul>\n<p><br \/><strong>Contactez-nous :<\/strong> +33 (0)6 44 36 44 46<\/p>\n<p>Plus d&rsquo;informations : <strong><a href=\"https:\/\/saskia.maretspro.fr\/conditions-generales-de-vente\">CONDITIONS GENERALES DE VENTE<\/a><\/strong><\/p><\/div>\n\t\t\t\t<\/div>\n\t\t\t\t\t\t\t<div class=\"elementor-toggle-item\">\n\t\t\t\t\t<div id=\"elementor-tab-title-4604\" class=\"elementor-tab-title\" data-tab=\"4\" role=\"button\" aria-controls=\"elementor-tab-content-4604\" aria-expanded=\"false\">\n\t\t\t\t\t\t\t\t\t\t\t\t<span class=\"elementor-toggle-icon elementor-toggle-icon-right\" aria-hidden=\"true\">\n\t\t\t\t\t\t\t\t\t\t\t\t\t\t\t<span class=\"elementor-toggle-icon-closed\"><i class=\"fas fa-chevron-down\"><\/i><\/span>\n\t\t\t\t\t\t\t\t<span class=\"elementor-toggle-icon-opened\"><i class=\"elementor-toggle-icon-opened fas fa-angle-double-up\"><\/i><\/span>\n\t\t\t\t\t\t\t\t\t\t\t\t\t<\/span>\n\t\t\t\t\t\t\t\t\t\t\t\t<a class=\"elementor-toggle-title\" tabindex=\"0\">Garantie consommateur<\/a>\n\t\t\t\t\t<\/div>\n\n\t\t\t\t\t<div id=\"elementor-tab-content-4604\" class=\"elementor-tab-content elementor-clearfix\" data-tab=\"4\" role=\"region\" aria-labelledby=\"elementor-tab-title-4604\"><p class=\"p1\"><\/p>\n<p><strong>SASKIA GALLERY<\/strong> garantit l\u2019origine des produits.<\/p>\n<p class=\"p1\"><\/p>\n<p>Dans l\u2019hypoth\u00e8se o\u00f9 les \u0153uvres livr\u00e9es pr\u00e9sentent un ou plusieurs vices cach\u00e9s, vous devez nous les faire parvenir dans leur emballage d\u2019origine et dans un d\u00e9lai de\u00a014 jours \u00e0 compter de la date de livraison, frais de retour \u00e0 la charge de <strong>SASKIA GALLERY<\/strong>.<\/p>\n<p class=\"p1\"><\/p><\/div>\n\t\t\t\t<\/div>\n\t\t\t\t\t\t\t\t<\/div>\n\t\t\t\t\t\t<\/div>\n\t\t\t\t<\/div>\n\t\t\t\t\t<\/div>\n\t\t<\/div>\n\t\t\t\t\t<\/div>\n\t\t<\/section>\n\t\t\t\t<\/div>\n\t\t","protected":false},"excerpt":{"rendered":"<p>Centre d&rsquo;aide Besoin d&rsquo;aide ? Modes de paiement Vous pouvez r\u00e9gler par virement Lorsque vous commandez sur Saskia Gallery, toutes les informations de paiement apparaissent sur votre bon de commande. Transport et envois Les frais sont indiqu\u00e9s au moment du r\u00e9capitulatif de la commande. Ces frais de livraison et d\u2019emballage d\u00e9pendent de la nature de&hellip;&nbsp;<a href=\"https:\/\/saskiagallery.fr\/index.php\/customer-service\/\" class=\"\" rel=\"bookmark\">Lire la suite &raquo;<span class=\"screen-reader-text\">Centre d&rsquo;aide<\/span><\/a><\/p>\n","protected":false},"author":2,"featured_media":0,"parent":0,"menu_order":0,"comment_status":"closed","ping_status":"closed","template":"elementor_header_footer","meta":{"_uf_show_specific_survey":0,"_uf_disable_surveys":false,"neve_meta_sidebar":"","neve_meta_container":"","neve_meta_enable_content_width":"","neve_meta_content_width":0,"neve_meta_title_alignment":"","neve_meta_author_avatar":"","neve_post_elements_order":"","neve_meta_disable_header":"","neve_meta_disable_footer":"","neve_meta_disable_title":"","footnotes":""},"class_list":["post-222","page","type-page","status-publish","hentry"],"yoast_head":"<!-- This site is optimized with the Yoast SEO plugin v27.6 - https:\/\/yoast.com\/product\/yoast-seo-wordpress\/ -->\n<title>Centre d&#039;aide - Saskia Gallery<\/title>\n<meta name=\"robots\" content=\"index, follow, max-snippet:-1, max-image-preview:large, max-video-preview:-1\" \/>\n<link rel=\"canonical\" href=\"https:\/\/saskiagallery.fr\/index.php\/customer-service\/\" \/>\n<meta property=\"og:locale\" content=\"fr_FR\" \/>\n<meta property=\"og:type\" content=\"article\" \/>\n<meta property=\"og:title\" content=\"Centre d&#039;aide - Saskia Gallery\" \/>\n<meta property=\"og:description\" content=\"Centre d&rsquo;aide Besoin d&rsquo;aide ? Modes de paiement Vous pouvez r\u00e9gler par virement Lorsque vous commandez sur Saskia Gallery, toutes les informations de paiement apparaissent sur votre bon de commande. Transport et envois Les frais sont indiqu\u00e9s au moment du r\u00e9capitulatif de la commande. Ces frais de livraison et d\u2019emballage d\u00e9pendent de la nature de&hellip;&nbsp;Lire la suite &raquo;Centre d&rsquo;aide\" \/>\n<meta property=\"og:url\" content=\"https:\/\/saskiagallery.fr\/index.php\/customer-service\/\" \/>\n<meta property=\"og:site_name\" content=\"Saskia Gallery\" \/>\n<meta property=\"article:modified_time\" content=\"2023-02-03T09:07:29+00:00\" \/>\n<meta name=\"twitter:card\" content=\"summary_large_image\" \/>\n<meta name=\"twitter:label1\" content=\"Dur\u00e9e de lecture estim\u00e9e\" \/>\n\t<meta name=\"twitter:data1\" content=\"3 minutes\" \/>\n<script type=\"application\/ld+json\" class=\"yoast-schema-graph\">{\"@context\":\"https:\\\/\\\/schema.org\",\"@graph\":[{\"@type\":\"WebPage\",\"@id\":\"https:\\\/\\\/saskiagallery.fr\\\/index.php\\\/customer-service\\\/\",\"url\":\"https:\\\/\\\/saskiagallery.fr\\\/index.php\\\/customer-service\\\/\",\"name\":\"Centre d'aide - Saskia Gallery\",\"isPartOf\":{\"@id\":\"https:\\\/\\\/saskiagallery.fr\\\/#website\"},\"datePublished\":\"2022-02-10T17:22:55+00:00\",\"dateModified\":\"2023-02-03T09:07:29+00:00\",\"breadcrumb\":{\"@id\":\"https:\\\/\\\/saskiagallery.fr\\\/index.php\\\/customer-service\\\/#breadcrumb\"},\"inLanguage\":\"fr-FR\",\"potentialAction\":[{\"@type\":\"ReadAction\",\"target\":[\"https:\\\/\\\/saskiagallery.fr\\\/index.php\\\/customer-service\\\/\"]}]},{\"@type\":\"BreadcrumbList\",\"@id\":\"https:\\\/\\\/saskiagallery.fr\\\/index.php\\\/customer-service\\\/#breadcrumb\",\"itemListElement\":[{\"@type\":\"ListItem\",\"position\":1,\"name\":\"Accueil\",\"item\":\"https:\\\/\\\/saskiagallery.fr\\\/\"},{\"@type\":\"ListItem\",\"position\":2,\"name\":\"Centre d&rsquo;aide\"}]},{\"@type\":\"WebSite\",\"@id\":\"https:\\\/\\\/saskiagallery.fr\\\/#website\",\"url\":\"https:\\\/\\\/saskiagallery.fr\\\/\",\"name\":\"Saskia Gallery\",\"description\":\"Galerie d&#039;artistes contemporains - Vente en ligne\",\"publisher\":{\"@id\":\"https:\\\/\\\/saskiagallery.fr\\\/#organization\"},\"potentialAction\":[{\"@type\":\"SearchAction\",\"target\":{\"@type\":\"EntryPoint\",\"urlTemplate\":\"https:\\\/\\\/saskiagallery.fr\\\/?s={search_term_string}\"},\"query-input\":{\"@type\":\"PropertyValueSpecification\",\"valueRequired\":true,\"valueName\":\"search_term_string\"}}],\"inLanguage\":\"fr-FR\"},{\"@type\":\"Organization\",\"@id\":\"https:\\\/\\\/saskiagallery.fr\\\/#organization\",\"name\":\"Saskia Gallery PARIS\",\"url\":\"https:\\\/\\\/saskiagallery.fr\\\/\",\"logo\":{\"@type\":\"ImageObject\",\"inLanguage\":\"fr-FR\",\"@id\":\"https:\\\/\\\/saskiagallery.fr\\\/#\\\/schema\\\/logo\\\/image\\\/\",\"url\":\"https:\\\/\\\/i0.wp.com\\\/saskiagallery.fr\\\/wp-content\\\/uploads\\\/2022\\\/02\\\/logo_saskiagallerygd.jpg?fit=575%2C188&ssl=1\",\"contentUrl\":\"https:\\\/\\\/i0.wp.com\\\/saskiagallery.fr\\\/wp-content\\\/uploads\\\/2022\\\/02\\\/logo_saskiagallerygd.jpg?fit=575%2C188&ssl=1\",\"width\":575,\"height\":188,\"caption\":\"Saskia Gallery PARIS\"},\"image\":{\"@id\":\"https:\\\/\\\/saskiagallery.fr\\\/#\\\/schema\\\/logo\\\/image\\\/\"}}]}<\/script>\n<!-- \/ Yoast SEO plugin. -->","yoast_head_json":{"title":"Centre d'aide - Saskia Gallery","robots":{"index":"index","follow":"follow","max-snippet":"max-snippet:-1","max-image-preview":"max-image-preview:large","max-video-preview":"max-video-preview:-1"},"canonical":"https:\/\/saskiagallery.fr\/index.php\/customer-service\/","og_locale":"fr_FR","og_type":"article","og_title":"Centre d'aide - Saskia Gallery","og_description":"Centre d&rsquo;aide Besoin d&rsquo;aide ? Modes de paiement Vous pouvez r\u00e9gler par virement Lorsque vous commandez sur Saskia Gallery, toutes les informations de paiement apparaissent sur votre bon de commande. Transport et envois Les frais sont indiqu\u00e9s au moment du r\u00e9capitulatif de la commande. Ces frais de livraison et d\u2019emballage d\u00e9pendent de la nature de&hellip;&nbsp;Lire la suite &raquo;Centre d&rsquo;aide","og_url":"https:\/\/saskiagallery.fr\/index.php\/customer-service\/","og_site_name":"Saskia Gallery","article_modified_time":"2023-02-03T09:07:29+00:00","twitter_card":"summary_large_image","twitter_misc":{"Dur\u00e9e de lecture estim\u00e9e":"3 minutes"},"schema":{"@context":"https:\/\/schema.org","@graph":[{"@type":"WebPage","@id":"https:\/\/saskiagallery.fr\/index.php\/customer-service\/","url":"https:\/\/saskiagallery.fr\/index.php\/customer-service\/","name":"Centre d'aide - Saskia Gallery","isPartOf":{"@id":"https:\/\/saskiagallery.fr\/#website"},"datePublished":"2022-02-10T17:22:55+00:00","dateModified":"2023-02-03T09:07:29+00:00","breadcrumb":{"@id":"https:\/\/saskiagallery.fr\/index.php\/customer-service\/#breadcrumb"},"inLanguage":"fr-FR","potentialAction":[{"@type":"ReadAction","target":["https:\/\/saskiagallery.fr\/index.php\/customer-service\/"]}]},{"@type":"BreadcrumbList","@id":"https:\/\/saskiagallery.fr\/index.php\/customer-service\/#breadcrumb","itemListElement":[{"@type":"ListItem","position":1,"name":"Accueil","item":"https:\/\/saskiagallery.fr\/"},{"@type":"ListItem","position":2,"name":"Centre d&rsquo;aide"}]},{"@type":"WebSite","@id":"https:\/\/saskiagallery.fr\/#website","url":"https:\/\/saskiagallery.fr\/","name":"Saskia Gallery","description":"Galerie d&#039;artistes contemporains - Vente en ligne","publisher":{"@id":"https:\/\/saskiagallery.fr\/#organization"},"potentialAction":[{"@type":"SearchAction","target":{"@type":"EntryPoint","urlTemplate":"https:\/\/saskiagallery.fr\/?s={search_term_string}"},"query-input":{"@type":"PropertyValueSpecification","valueRequired":true,"valueName":"search_term_string"}}],"inLanguage":"fr-FR"},{"@type":"Organization","@id":"https:\/\/saskiagallery.fr\/#organization","name":"Saskia Gallery PARIS","url":"https:\/\/saskiagallery.fr\/","logo":{"@type":"ImageObject","inLanguage":"fr-FR","@id":"https:\/\/saskiagallery.fr\/#\/schema\/logo\/image\/","url":"https:\/\/i0.wp.com\/saskiagallery.fr\/wp-content\/uploads\/2022\/02\/logo_saskiagallerygd.jpg?fit=575%2C188&ssl=1","contentUrl":"https:\/\/i0.wp.com\/saskiagallery.fr\/wp-content\/uploads\/2022\/02\/logo_saskiagallerygd.jpg?fit=575%2C188&ssl=1","width":575,"height":188,"caption":"Saskia Gallery PARIS"},"image":{"@id":"https:\/\/saskiagallery.fr\/#\/schema\/logo\/image\/"}}]}},"jetpack_sharing_enabled":true,"_links":{"self":[{"href":"https:\/\/saskiagallery.fr\/index.php\/wp-json\/wp\/v2\/pages\/222","targetHints":{"allow":["GET"]}}],"collection":[{"href":"https:\/\/saskiagallery.fr\/index.php\/wp-json\/wp\/v2\/pages"}],"about":[{"href":"https:\/\/saskiagallery.fr\/index.php\/wp-json\/wp\/v2\/types\/page"}],"author":[{"embeddable":true,"href":"https:\/\/saskiagallery.fr\/index.php\/wp-json\/wp\/v2\/users\/2"}],"replies":[{"embeddable":true,"href":"https:\/\/saskiagallery.fr\/index.php\/wp-json\/wp\/v2\/comments?post=222"}],"version-history":[{"count":24,"href":"https:\/\/saskiagallery.fr\/index.php\/wp-json\/wp\/v2\/pages\/222\/revisions"}],"predecessor-version":[{"id":6451,"href":"https:\/\/saskiagallery.fr\/index.php\/wp-json\/wp\/v2\/pages\/222\/revisions\/6451"}],"wp:attachment":[{"href":"https:\/\/saskiagallery.fr\/index.php\/wp-json\/wp\/v2\/media?parent=222"}],"curies":[{"name":"wp","href":"https:\/\/api.w.org\/{rel}","templated":true}]}}