{"id":3903,"date":"2022-11-11T10:29:12","date_gmt":"2022-11-11T09:29:12","guid":{"rendered":"https:\/\/saskiagallery.fr\/?post_type=product&#038;p=3903"},"modified":"2024-06-25T10:26:17","modified_gmt":"2024-06-25T08:26:17","slug":"dionysos","status":"publish","type":"product","link":"https:\/\/saskiagallery.fr\/index.php\/product\/dionysos\/","title":{"rendered":"\u00ab\u00a0Dionysos\u00a0\u00bb"},"content":{"rendered":"<p>Po\u00e8me en prose de Julien Green de l\u2019Acad\u00e9mie Fran\u00e7aise.<\/p>\n<p><em>Prose poem by Julien Green of the Acad\u00e9mie Fran\u00e7aise<\/em><\/p>\n<p>Edition originales, Bibliophilique.<em><br \/>\n<\/em>6 eaux-fortes. Fayard &gt; l\u2019Atelier Contemporain \u00e9d, Paris, 1995. ISBN : 2-909948-02-1. 1994<\/p>\n<p><strong>Justification :<\/strong><\/p>\n<p>Edition originale compos\u00e9e \u00e0 la main en Centaure corps 18 par Typo-M\u00e9ca \u00e0 Paris : \u2014 15 exemplaires de t\u00eate sur Richard de Bas 180 gr, format in quarto, avec trois gravures de Robert Cl\u00e9vier, une suite de 7 gravures et une encre originale : I \u00e0 XV num\u00e9rot\u00e9s \u00e0 la main. \u2014 50 exemplaires sur V\u00e9lin d\u2019Arches 250 gr, format in quarto, avec trois eaux-fortes et pointe s\u00e8che, une suite de 7 gravures : XVI \u00e0 LXV num\u00e9rot\u00e9s \u00e0 la main. \u2014 165 exemplaires sur V\u00e9lin de Lana 250 gr, format in quarto, avec trois gravures : 66 \u00e0 230. Les volumes de 1 \u00e0 65 sont sign\u00e9s par l\u2019\u00e9crivain et tous par l\u2019artiste. Achev\u00e9 d\u2019imprimer sur les presses typographiques de G.Lejeau, imprimeur \u00e0 Paris, le 30 Novembre 1994. Les gravures composant la suite sont \u00e9t\u00e9 tir\u00e9es \u00e0 part sur grandes marges, I \u00e0 XL.<br \/>\n70 pages. Emboitage Duval rouge cardinal, lettres or, cartonn\u00e9. Eaux-fortes estamp\u00e9es par l\u2019atelier Leblanc, rue saint Jacques, Paris 05. ISBN : 2-909948-02-1. 1994. Etat des livres : neuf<br \/>\nCf. Catalogues : &#8211; L\u2018Oeil de Mercure \u00bb, 1 rue Favart 75002 Paris, 1995. &#8211; Kieffer librairie-galerie, 46 rue st Andr\u00e9 des Arts 75006 Paris<\/p>\n<p><strong>A vendre \/ <em>For sale<\/em> :<\/strong><\/p>\n<p>Prix unitaire TTC \/ <em>unit price<\/em><\/p>\n<p>T\u00eates Auvergne\u00a0: 340 \u20ac<br \/>\nArches sign\u00e9s, avec suite\u00a0: 260 \u20ac<br \/>\nLana\u00a0: 150 \u20ac<\/p>\n<p><strong>Pr\u00e9sentation :<\/strong><\/p>\n<p>Julien GREEN, romancier tr\u00e8s sollicit\u00e9 par des graveurs et des peintres, a plusieurs fois travaill\u00e9 \u00e0 quatre mains avec VLAMINCK pour \u00ab Mont Cin\u00e8re \u00bb ; MARQUET, mais les aquarelles et le texte achev\u00e9s s\u2019av\u00e8rent d\u2019un co\u00fbt de fabrication trop \u00e9lev\u00e9, et le livre ne sera finalement pas \u00e9dit\u00e9 ; DALI, de m\u00eame ; MARCHAND pour \u00ab Le Visionnaire \u00bb ; ALEXEIEV, pour \u00ab Adrienne Mesurat \u00bb.<\/p>\n<p>C\u2019est en 1993 que Julien GREEN red\u00e9couvre le manuscrit d\u2019un po\u00e8me en prose intitul\u00e9 \u00ab Dionysos o\u00f9 la chasse aventureuse \u00bb * , souhaite le publier accompagn\u00e9 de gravures originales et pressent deux peintres ; mais Ernst FUCHS tarde \u00e0 se mettre au travail, et l\u2019auteur, r\u00e9cusant les esquisses propos\u00e9es par Hans ERNI, choisit finalement celles de Robert Cl\u00e9vier.<br \/>\nApr\u00e8s un an de travail et d\u2019\u00e9changes, les eaux-fortes et le texte typographi\u00e9 au plomb sortent des presses, et donnent lieu \u00e0 plusieurs expositions publiques et salons internationaux, \u00e0 Paris et D\u00fcsseldorf en particulier.<br \/>\nApr\u00e8s avoir lou\u00e9 le peintre d\u2019avoir \u00ab rendu le cot\u00e9 panique \u00bb du po\u00e8me, Julien Green se dit \u00ab heureux d\u2019associer son nom \u00e0 celui du peintre \u00bb; et, \u00e0 propos des gravures : \u00ab Dans la sensualit\u00e9 (de ces gravures), il y a de la religion. Elles sont indissociables. Dieu est aussi homme et ne peut condamner ce qu\u2019il a cr\u00e9\u00e9 \u00bb. (Julien Green, Journal. 1995).<\/p>\n<p><em><strong>Presentation :<\/strong><\/em><\/p>\n<p><em>Julien GREEN, a novelist much in demand by engravers and painters, has worked several times with VLAMINCK for \u00ab\u00a0Mont Cin\u00e8re\u00a0\u00bb; MARQUET, but the watercolors and the finished text turned out to be too expensive to manufacture, and the book will not be published in the end; DALI, likewise; MARCHAND for \u00ab\u00a0Le Visionnaire\u00a0\u00bb; ALEXEIEV, for \u00ab\u00a0Adrienne Mesurat\u00a0\u00bb.<\/em><\/p>\n<p><em>It is in 1993 that Julien GREEN rediscovers the manuscript of a prose poem entitled \u00ab\u00a0Dionysus or the adventurous hunt\u00a0\u00bb *, wishes to publish it accompanied by original engravings and presses two painters; but Ernst FUCHS is slow to get to work, and the author, challenging the sketches proposed by Hans ERNI, finally chooses those of Robert Cl\u00e9vier.<\/em><br \/>\n<em>After a year of work and exchanges, the etchings and the lead-typed text came off the presses, and gave rise to several public exhibitions and international fairs, in Paris and D\u00fcsseldorf in particular.<\/em><br \/>\n<em>After praising the painter for having \u00ab\u00a0rendered the panic side\u00a0\u00bb of the poem, Julien Green says he is \u00ab\u00a0happy to associate his name with that of the painter\u00a0\u00bb; and, about the engravings: \u00ab\u00a0In the sensuality (of these engravings), there is religion. They are inseparable. God is also man and cannot condemn what he has created\u00a0\u00bb. (Julien Green, Journal. 1995)<\/em><\/p>\n<p><strong>Extrait :<\/strong><\/p>\n<p>\u00ab (\u2026) Et le dieu s\u2019\u00e9loigna. Il n\u2019y avait pas de bacchantes aupr\u00e8s de lui, mais de beaux jeunes soldats tach\u00e9s par le sang et le vin. Le sourire triste avouait l\u2019insatisfaction de leurs d\u00e9bauches. Ils marchaient dans les lueurs de la lune et leur peau avait cette couleur p\u00e2le dans les t\u00e9n\u00e8bres, et ils s\u2019\u00e9loign\u00e8rent. Elle entendit les chants qui partaient avec eux :<br \/>\nJe me rem\u00e9more les acrobates de Suburre \/ Et les agiles bateleurs du Pir\u00e9e, les mimes lascifs de la cour de Ravenne, \/ Les danseurs de V\u00e9nus et de Carthage ; \/ A mon oeil attentif rien n\u2019\u00e9chappe, car il sait qu\u2019il a vu. : (\u2026) Paroles : clef du tr\u00e9sor, tourn\u00e9e dans la serrure.\u00bb.<\/p>\n<p><strong><em>Excerpt :<\/em><\/strong><\/p>\n<p><em>\u00ab\u00a0(&#8230;) And the god moved away. There were no bacchantes near him, but beautiful young soldiers stained by blood and wine. The sad smile confessed the dissatisfaction of their debaucheries. They walked in the moonlight and their skin had that pale color in the darkness, and they walked away. She heard the songs that went with them:<\/em><br \/>\n<em>I remember the acrobats of Suburra \/ And the agile bateleurs of Piraeus, the lascivious mimes of the court of Ravenna, \/ The dancers of Venus and Carthage; \/ To my attentive eye nothing escapes, for it knows that it has seen. (&#8230;) Words: key of the treasure, turned in the lock.\u00a0\u00bb<\/em><\/p>\n<p><strong>Notes du peintre<\/strong> (- Carnets de travail) :<\/p>\n<p>\u00ab \u2026 Lorsqu\u2019en 1993 Julien Green m\u2019en a parl\u00e9 pour la premi\u00e8re fois, le manuscrit patientait dans ses tiroirs depuis 60 ans ; ce retard m\u2019a vivement int\u00e9ress\u00e9 : quelle n\u00e9cessit\u00e9 esth\u00e9tique y avait-il alors de remettre en sc\u00e8ne, avec la figure de \u00ab Dionysos \u00bb, le th\u00e8me de la crise de la rationalit\u00e9 occidentale ? Le r\u00e9cit de Julien Green pose la possibilit\u00e9 d\u2018un \u00ab ressourcement \u00bb de notre raison ; pour ma part, j\u2019ai montr\u00e9 qu\u2019au-del\u00e0 des repr\u00e9sentations de cette possibilit\u00e9, on ne trouve que des images. Les visuels devaient \u00eatre per\u00e7us visiblement comme des images, des objets circulant erratiquement non devant mais dans un regard sans yeux d\u00e9j\u00e0, et quasi disparu. L\u2019apostrophe que je lan\u00e7ais au lecteur, tenait \u00e0 peu pr\u00e8s dans ces mots : \u00ab t\u2019est-il n\u00e9cessaire de croire \u00e0 ce que tu va voir ici? \u00bb<\/p>\n<p>NB. Pour l\u2019analyse de ce texte, et de quelques aspects de la collaboration entre l\u2019auteur et l\u2019artiste, voir le n\u00b0 4 de \u00ab LITTERATURES CONTEMPORAINES \u00bb, ann\u00e9e 1997, num\u00e9ro enti\u00e8rement consacr\u00e9 \u00e0 l\u2019oeuvre de Julien Green, o\u00f9 le professeur Jean Touzot (Sorbonne) d\u00e9veloppe un long chapitre intitul\u00e9 \u00ab Dionysos ou le flamboiement de la po\u00e9sie \u00bb.<\/p>\n<p><em><strong>Painter&rsquo;s Notes (- Workbooks) :<\/strong><\/em><\/p>\n<p>\u00ab\u00a0&#8230; When Julien Green spoke to me for the first time in 1993, the manuscript had been waiting in his drawers for 60 years; this delay interested me deeply: what aesthetic necessity was there then to put back on stage, with the figure of \u00ab\u00a0Dionysus\u00a0\u00bb, the theme of the crisis of Western rationality? Julien Green&rsquo;s story poses the possibility of a \u00ab\u00a0resourcing\u00a0\u00bb of our reason; for my part, I showed that beyond the representations of this possibility, one finds only images. The visuals were to be perceived visibly as images, objects circulating erratically not in front of but in a gaze without eyes already, and almost disappeared. The apostrophe that I threw to the reader, held more or less in these words: \u00ab\u00a0is it necessary for you to believe in what you will see here?<\/p>\n<p>NB. For the analysis of this text, and of some aspects of the collaboration between the author and the artist, see the n\u00b0 4 of \u00ab\u00a0LITTERATURES CONTEMPORAINES\u00a0\u00bb, year 1997, number entirely devoted to the work of Julien Green, where the professor Jean Touzot (Sorbonne) develops a long chapter entitled \u00ab\u00a0Dionysos or the blaze of the poetry\u00a0\u00bb.<\/p>\n","protected":false},"excerpt":{"rendered":"<p>Po\u00e8me en prose de Julien Green<\/p>\n<p><em>Prose poem of Julien Green<\/em><\/p>\n","protected":false},"featured_media":3981,"template":"","meta":{"_uf_show_specific_survey":0,"_uf_disable_surveys":false,"neve_meta_sidebar":"","neve_meta_container":"full-width","neve_meta_enable_content_width":"off","neve_meta_content_width":100,"neve_meta_title_alignment":"","neve_meta_author_avatar":"","neve_post_elements_order":"","neve_meta_disable_header":"","neve_meta_disable_footer":"","neve_meta_disable_title":""},"product_brand":[],"product_cat":[884,394],"product_tag":[],"class_list":{"0":"post-3903","1":"product","2":"type-product","3":"status-publish","4":"has-post-thumbnail","6":"product_cat-books","7":"product_cat-livres","9":"first","10":"instock","11":"taxable","12":"shipping-taxable","13":"purchasable","14":"product-type-variable"},"yoast_head":"<!-- This site is optimized with the Yoast SEO plugin v27.4 - https:\/\/yoast.com\/product\/yoast-seo-wordpress\/ -->\n<title>&quot;Dionysos&quot; - Saskia Gallery<\/title>\n<meta name=\"robots\" content=\"index, follow, max-snippet:-1, max-image-preview:large, max-video-preview:-1\" \/>\n<link rel=\"canonical\" href=\"https:\/\/saskiagallery.fr\/index.php\/product\/dionysos\/\" \/>\n<meta property=\"og:locale\" content=\"fr_FR\" \/>\n<meta property=\"og:type\" content=\"article\" \/>\n<meta property=\"og:title\" content=\"&quot;Dionysos&quot; - Saskia Gallery\" \/>\n<meta property=\"og:description\" content=\"Po\u00e8me en prose de Julien Green  Prose poem of Julien Green\" \/>\n<meta property=\"og:url\" content=\"https:\/\/saskiagallery.fr\/index.php\/product\/dionysos\/\" \/>\n<meta property=\"og:site_name\" content=\"Saskia Gallery\" \/>\n<meta property=\"article:modified_time\" content=\"2024-06-25T08:26:17+00:00\" \/>\n<meta property=\"og:image\" content=\"https:\/\/saskiagallery.fr\/wp-content\/uploads\/2022\/11\/green.jpg\" \/>\n\t<meta property=\"og:image:width\" content=\"1024\" \/>\n\t<meta property=\"og:image:height\" content=\"1024\" \/>\n\t<meta property=\"og:image:type\" content=\"image\/jpeg\" \/>\n<meta name=\"twitter:card\" content=\"summary_large_image\" \/>\n<meta name=\"twitter:label1\" content=\"Dur\u00e9e de lecture estim\u00e9e\" \/>\n\t<meta name=\"twitter:data1\" content=\"7 minutes\" \/>\n<script type=\"application\/ld+json\" class=\"yoast-schema-graph\">{\"@context\":\"https:\\\/\\\/schema.org\",\"@graph\":[{\"@type\":\"WebPage\",\"@id\":\"https:\\\/\\\/saskiagallery.fr\\\/index.php\\\/product\\\/dionysos\\\/\",\"url\":\"https:\\\/\\\/saskiagallery.fr\\\/index.php\\\/product\\\/dionysos\\\/\",\"name\":\"\\\"Dionysos\\\" - Saskia Gallery\",\"isPartOf\":{\"@id\":\"https:\\\/\\\/saskiagallery.fr\\\/#website\"},\"primaryImageOfPage\":{\"@id\":\"https:\\\/\\\/saskiagallery.fr\\\/index.php\\\/product\\\/dionysos\\\/#primaryimage\"},\"image\":{\"@id\":\"https:\\\/\\\/saskiagallery.fr\\\/index.php\\\/product\\\/dionysos\\\/#primaryimage\"},\"thumbnailUrl\":\"https:\\\/\\\/saskiagallery.fr\\\/wp-content\\\/uploads\\\/2022\\\/11\\\/green.jpg\",\"datePublished\":\"2022-11-11T09:29:12+00:00\",\"dateModified\":\"2024-06-25T08:26:17+00:00\",\"breadcrumb\":{\"@id\":\"https:\\\/\\\/saskiagallery.fr\\\/index.php\\\/product\\\/dionysos\\\/#breadcrumb\"},\"inLanguage\":\"fr-FR\",\"potentialAction\":[{\"@type\":\"ReadAction\",\"target\":[\"https:\\\/\\\/saskiagallery.fr\\\/index.php\\\/product\\\/dionysos\\\/\"]}]},{\"@type\":\"ImageObject\",\"inLanguage\":\"fr-FR\",\"@id\":\"https:\\\/\\\/saskiagallery.fr\\\/index.php\\\/product\\\/dionysos\\\/#primaryimage\",\"url\":\"https:\\\/\\\/saskiagallery.fr\\\/wp-content\\\/uploads\\\/2022\\\/11\\\/green.jpg\",\"contentUrl\":\"https:\\\/\\\/saskiagallery.fr\\\/wp-content\\\/uploads\\\/2022\\\/11\\\/green.jpg\",\"width\":1024,\"height\":1024},{\"@type\":\"BreadcrumbList\",\"@id\":\"https:\\\/\\\/saskiagallery.fr\\\/index.php\\\/product\\\/dionysos\\\/#breadcrumb\",\"itemListElement\":[{\"@type\":\"ListItem\",\"position\":1,\"name\":\"Accueil\",\"item\":\"https:\\\/\\\/saskiagallery.fr\\\/\"},{\"@type\":\"ListItem\",\"position\":2,\"name\":\"Boutique\",\"item\":\"https:\\\/\\\/saskiagallery.fr\\\/index.php\\\/shop\\\/\"},{\"@type\":\"ListItem\",\"position\":3,\"name\":\"\u00ab\u00a0Dionysos\u00a0\u00bb\"}]},{\"@type\":\"WebSite\",\"@id\":\"https:\\\/\\\/saskiagallery.fr\\\/#website\",\"url\":\"https:\\\/\\\/saskiagallery.fr\\\/\",\"name\":\"Saskia Gallery\",\"description\":\"Galerie d&#039;artistes contemporains - Vente en ligne\",\"publisher\":{\"@id\":\"https:\\\/\\\/saskiagallery.fr\\\/#organization\"},\"potentialAction\":[{\"@type\":\"SearchAction\",\"target\":{\"@type\":\"EntryPoint\",\"urlTemplate\":\"https:\\\/\\\/saskiagallery.fr\\\/?s={search_term_string}\"},\"query-input\":{\"@type\":\"PropertyValueSpecification\",\"valueRequired\":true,\"valueName\":\"search_term_string\"}}],\"inLanguage\":\"fr-FR\"},{\"@type\":\"Organization\",\"@id\":\"https:\\\/\\\/saskiagallery.fr\\\/#organization\",\"name\":\"Saskia Gallery PARIS\",\"url\":\"https:\\\/\\\/saskiagallery.fr\\\/\",\"logo\":{\"@type\":\"ImageObject\",\"inLanguage\":\"fr-FR\",\"@id\":\"https:\\\/\\\/saskiagallery.fr\\\/#\\\/schema\\\/logo\\\/image\\\/\",\"url\":\"https:\\\/\\\/i0.wp.com\\\/saskiagallery.fr\\\/wp-content\\\/uploads\\\/2022\\\/02\\\/logo_saskiagallerygd.jpg?fit=575%2C188&ssl=1\",\"contentUrl\":\"https:\\\/\\\/i0.wp.com\\\/saskiagallery.fr\\\/wp-content\\\/uploads\\\/2022\\\/02\\\/logo_saskiagallerygd.jpg?fit=575%2C188&ssl=1\",\"width\":575,\"height\":188,\"caption\":\"Saskia Gallery PARIS\"},\"image\":{\"@id\":\"https:\\\/\\\/saskiagallery.fr\\\/#\\\/schema\\\/logo\\\/image\\\/\"}}]}<\/script>\n<!-- \/ Yoast SEO plugin. -->","yoast_head_json":{"title":"\"Dionysos\" - Saskia Gallery","robots":{"index":"index","follow":"follow","max-snippet":"max-snippet:-1","max-image-preview":"max-image-preview:large","max-video-preview":"max-video-preview:-1"},"canonical":"https:\/\/saskiagallery.fr\/index.php\/product\/dionysos\/","og_locale":"fr_FR","og_type":"article","og_title":"\"Dionysos\" - Saskia Gallery","og_description":"Po\u00e8me en prose de Julien Green  Prose poem of Julien Green","og_url":"https:\/\/saskiagallery.fr\/index.php\/product\/dionysos\/","og_site_name":"Saskia Gallery","article_modified_time":"2024-06-25T08:26:17+00:00","og_image":[{"width":1024,"height":1024,"url":"https:\/\/saskiagallery.fr\/wp-content\/uploads\/2022\/11\/green.jpg","type":"image\/jpeg"}],"twitter_card":"summary_large_image","twitter_misc":{"Dur\u00e9e de lecture estim\u00e9e":"7 minutes"},"schema":{"@context":"https:\/\/schema.org","@graph":[{"@type":"WebPage","@id":"https:\/\/saskiagallery.fr\/index.php\/product\/dionysos\/","url":"https:\/\/saskiagallery.fr\/index.php\/product\/dionysos\/","name":"\"Dionysos\" - Saskia Gallery","isPartOf":{"@id":"https:\/\/saskiagallery.fr\/#website"},"primaryImageOfPage":{"@id":"https:\/\/saskiagallery.fr\/index.php\/product\/dionysos\/#primaryimage"},"image":{"@id":"https:\/\/saskiagallery.fr\/index.php\/product\/dionysos\/#primaryimage"},"thumbnailUrl":"https:\/\/saskiagallery.fr\/wp-content\/uploads\/2022\/11\/green.jpg","datePublished":"2022-11-11T09:29:12+00:00","dateModified":"2024-06-25T08:26:17+00:00","breadcrumb":{"@id":"https:\/\/saskiagallery.fr\/index.php\/product\/dionysos\/#breadcrumb"},"inLanguage":"fr-FR","potentialAction":[{"@type":"ReadAction","target":["https:\/\/saskiagallery.fr\/index.php\/product\/dionysos\/"]}]},{"@type":"ImageObject","inLanguage":"fr-FR","@id":"https:\/\/saskiagallery.fr\/index.php\/product\/dionysos\/#primaryimage","url":"https:\/\/saskiagallery.fr\/wp-content\/uploads\/2022\/11\/green.jpg","contentUrl":"https:\/\/saskiagallery.fr\/wp-content\/uploads\/2022\/11\/green.jpg","width":1024,"height":1024},{"@type":"BreadcrumbList","@id":"https:\/\/saskiagallery.fr\/index.php\/product\/dionysos\/#breadcrumb","itemListElement":[{"@type":"ListItem","position":1,"name":"Accueil","item":"https:\/\/saskiagallery.fr\/"},{"@type":"ListItem","position":2,"name":"Boutique","item":"https:\/\/saskiagallery.fr\/index.php\/shop\/"},{"@type":"ListItem","position":3,"name":"\u00ab\u00a0Dionysos\u00a0\u00bb"}]},{"@type":"WebSite","@id":"https:\/\/saskiagallery.fr\/#website","url":"https:\/\/saskiagallery.fr\/","name":"Saskia Gallery","description":"Galerie d&#039;artistes contemporains - Vente en ligne","publisher":{"@id":"https:\/\/saskiagallery.fr\/#organization"},"potentialAction":[{"@type":"SearchAction","target":{"@type":"EntryPoint","urlTemplate":"https:\/\/saskiagallery.fr\/?s={search_term_string}"},"query-input":{"@type":"PropertyValueSpecification","valueRequired":true,"valueName":"search_term_string"}}],"inLanguage":"fr-FR"},{"@type":"Organization","@id":"https:\/\/saskiagallery.fr\/#organization","name":"Saskia Gallery PARIS","url":"https:\/\/saskiagallery.fr\/","logo":{"@type":"ImageObject","inLanguage":"fr-FR","@id":"https:\/\/saskiagallery.fr\/#\/schema\/logo\/image\/","url":"https:\/\/i0.wp.com\/saskiagallery.fr\/wp-content\/uploads\/2022\/02\/logo_saskiagallerygd.jpg?fit=575%2C188&ssl=1","contentUrl":"https:\/\/i0.wp.com\/saskiagallery.fr\/wp-content\/uploads\/2022\/02\/logo_saskiagallerygd.jpg?fit=575%2C188&ssl=1","width":575,"height":188,"caption":"Saskia Gallery PARIS"},"image":{"@id":"https:\/\/saskiagallery.fr\/#\/schema\/logo\/image\/"}}]}},"jetpack_sharing_enabled":true,"_links":{"self":[{"href":"https:\/\/saskiagallery.fr\/index.php\/wp-json\/wp\/v2\/product\/3903","targetHints":{"allow":["GET"]}}],"collection":[{"href":"https:\/\/saskiagallery.fr\/index.php\/wp-json\/wp\/v2\/product"}],"about":[{"href":"https:\/\/saskiagallery.fr\/index.php\/wp-json\/wp\/v2\/types\/product"}],"version-history":[{"count":12,"href":"https:\/\/saskiagallery.fr\/index.php\/wp-json\/wp\/v2\/product\/3903\/revisions"}],"predecessor-version":[{"id":6405,"href":"https:\/\/saskiagallery.fr\/index.php\/wp-json\/wp\/v2\/product\/3903\/revisions\/6405"}],"wp:featuredmedia":[{"embeddable":true,"href":"https:\/\/saskiagallery.fr\/index.php\/wp-json\/wp\/v2\/media\/3981"}],"wp:attachment":[{"href":"https:\/\/saskiagallery.fr\/index.php\/wp-json\/wp\/v2\/media?parent=3903"}],"wp:term":[{"taxonomy":"product_brand","embeddable":true,"href":"https:\/\/saskiagallery.fr\/index.php\/wp-json\/wp\/v2\/product_brand?post=3903"},{"taxonomy":"product_cat","embeddable":true,"href":"https:\/\/saskiagallery.fr\/index.php\/wp-json\/wp\/v2\/product_cat?post=3903"},{"taxonomy":"product_tag","embeddable":true,"href":"https:\/\/saskiagallery.fr\/index.php\/wp-json\/wp\/v2\/product_tag?post=3903"}],"curies":[{"name":"wp","href":"https:\/\/api.w.org\/{rel}","templated":true}]}}